{"id":2,"date":"2013-11-06T11:55:36","date_gmt":"2013-11-06T11:55:36","guid":{"rendered":"https:\/\/sarandidigital.com\/uy\/?page_id=2"},"modified":"2024-03-27T03:35:07","modified_gmt":"2024-03-27T03:35:07","slug":"pagina-ejemplo","status":"publish","type":"page","link":"https:\/\/sarandidigital.com\/uy\/pagina-ejemplo\/","title":{"rendered":"Perfil de la radio"},"content":{"rendered":"\n<p>102.3 FM Sarand\u00ed Digital tuvo sus inicios en un antiguo galp\u00f3n en las afueras de la ciudad de Sarand\u00ed Grande, en agosto de 2005. Surgi\u00f3 como una iniciativa de varios comunicadores con la determinaci\u00f3n de establecer un nuevo medio radiof\u00f3nico. Bajo el lema &#8216;Respirando un nuevo aire&#8217;, este proyecto comunitario emergi\u00f3 como uno de los m\u00e1s significativos de la \u00e9poca, canalizando las aspiraciones de hombres y mujeres de todas las edades que deseaban conectar con la poblaci\u00f3n a trav\u00e9s de diversos intereses, tanto musicales como period\u00edsticos.<br>Con el transcurso del tiempo, la b\u00fasqueda de un nuevo espacio de transmisi\u00f3n llev\u00f3 a la emisora a establecerse en Galer\u00eda 2000, ubicada en la Avenida Artigas. Hasta la fecha actual, la radio contin\u00faa operando desde all\u00ed, bajo la direcci\u00f3n de la Asociaci\u00f3n Comunitaria Sarand\u00ed Grande.<br>La programaci\u00f3n se extiende las 24 horas del d\u00eda, con la participaci\u00f3n de m\u00e1s de 30 personas de la ciudad y la regi\u00f3n, abarcando diversos perfiles y edades, quienes desarrollan proyectos de comunicaci\u00f3n.<br>La radio se ha distinguido especialmente por sus transmisiones en vivo, que incluyen eventos deportivos como partidos de f\u00fatbol, acciones sociales, festivales musicales, presentaciones gubernamentales y actividades pol\u00edticas.<br>Todo lo que acontece en la ciudad y en el departamento de Florida encuentra eco en esta emisora comunitaria.<\/p>\n\n\n\n<p class=\"has-text-align-center\"><br><img loading=\"lazy\" decoding=\"async\" width=\"600\" height=\"353\" class=\"wp-image-47\" style=\"width: 600px;\" src=\"https:\/\/sarandidigital.com\/uy\/wp-content\/uploads\/2024\/03\/AL_588_06.jpg\" alt=\"\" srcset=\"https:\/\/sarandidigital.com\/uy\/wp-content\/uploads\/2024\/03\/AL_588_06.jpg 945w, https:\/\/sarandidigital.com\/uy\/wp-content\/uploads\/2024\/03\/AL_588_06-300x177.jpg 300w, https:\/\/sarandidigital.com\/uy\/wp-content\/uploads\/2024\/03\/AL_588_06-768x452.jpg 768w\" sizes=\"auto, (max-width: 600px) 100vw, 600px\" \/><\/p>\n","protected":false},"excerpt":{"rendered":"<p>102.3 FM Sarand\u00ed Digital tuvo sus inicios en un antiguo galp\u00f3n en las afueras de la ciudad de Sarand\u00ed Grande, en agosto de 2005. Surgi\u00f3 como una iniciativa de varios comunicadores con la determinaci\u00f3n de establecer un nuevo medio radiof\u00f3nico. Bajo el lema &#8216;Respirando un nuevo aire&#8217;, este proyecto comunitario emergi\u00f3 como uno de los [&hellip;]<\/p>\n","protected":false},"author":2,"featured_media":0,"parent":0,"menu_order":0,"comment_status":"closed","ping_status":"open","template":"","meta":{"footnotes":""},"class_list":["post-2","page","type-page","status-publish","hentry"],"_links":{"self":[{"href":"https:\/\/sarandidigital.com\/uy\/wp-json\/wp\/v2\/pages\/2","targetHints":{"allow":["GET"]}}],"collection":[{"href":"https:\/\/sarandidigital.com\/uy\/wp-json\/wp\/v2\/pages"}],"about":[{"href":"https:\/\/sarandidigital.com\/uy\/wp-json\/wp\/v2\/types\/page"}],"author":[{"embeddable":true,"href":"https:\/\/sarandidigital.com\/uy\/wp-json\/wp\/v2\/users\/2"}],"replies":[{"embeddable":true,"href":"https:\/\/sarandidigital.com\/uy\/wp-json\/wp\/v2\/comments?post=2"}],"version-history":[{"count":4,"href":"https:\/\/sarandidigital.com\/uy\/wp-json\/wp\/v2\/pages\/2\/revisions"}],"predecessor-version":[{"id":79,"href":"https:\/\/sarandidigital.com\/uy\/wp-json\/wp\/v2\/pages\/2\/revisions\/79"}],"wp:attachment":[{"href":"https:\/\/sarandidigital.com\/uy\/wp-json\/wp\/v2\/media?parent=2"}],"curies":[{"name":"wp","href":"https:\/\/api.w.org\/{rel}","templated":true}]}}