{"id":80,"date":"2024-03-27T03:38:40","date_gmt":"2024-03-27T03:38:40","guid":{"rendered":"https:\/\/sarandidigital.com\/uy\/?page_id=80"},"modified":"2024-03-27T04:04:16","modified_gmt":"2024-03-27T04:04:16","slug":"programacion","status":"publish","type":"page","link":"https:\/\/sarandidigital.com\/uy\/programacion\/","title":{"rendered":"Programaci\u00f3n"},"content":{"rendered":"\n<p class=\"has-text-align-center has-pale-pink-background-color has-background\">7 a 9 horas \u2013 \u00abSentir el Folklore\u00bb<\/p>\n\n\n\n<p class=\"has-text-align-center\">(Lunes a s\u00e1bados)<\/p>\n\n\n\n<p class=\"has-text-align-center\">Propuesta folkl\u00f3rica conducida por Cono Rivero.<\/p>\n\n\n\n<p class=\"has-text-align-center has-pale-cyan-blue-background-color has-background\">9 a 12 horas \u2013 \u00abMa\u00f1anas Informales\u00bb<\/p>\n\n\n\n<p class=\"has-text-align-center\">(Lunes a viernes)<\/p>\n\n\n\n<p class=\"has-text-align-center\">Magazine matutino conducido por Ver\u00f3nica Cabalgante.<\/p>\n\n\n\n<p class=\"has-text-align-center has-background\" style=\"background:linear-gradient(135deg,rgb(91,227,41) 0%,rgb(217,235,228) 100%)\"><strong>12 a 13 horas \u2013 \u00abSiglo XXI\u00bb<\/strong><\/p>\n\n\n\n<p class=\"has-text-align-center\">(Lunes a viernes)<\/p>\n\n\n\n<p class=\"has-text-align-center\">Noticiero central presentado por Dino Cappelli.<\/p>\n\n\n\n<p class=\"has-text-align-center has-luminous-vivid-amber-background-color has-background\"><strong>15 a 17 horas \u2013 \u00abMalas Compa\u00f1\u00edas\u00bb<\/strong><\/p>\n\n\n\n<p class=\"has-text-align-center\">(Lunes y mi\u00e9rcoles)<\/p>\n\n\n\n<p class=\"has-text-align-center\">Programa de m\u00fasica y comunicaci\u00f3n a cargo de Marcelo &#8216;Chelo&#8217; Calistro.<\/p>\n\n\n\n<p class=\"has-text-align-center has-luminous-vivid-orange-background-color has-background\"><strong>20 a 21 horas \u2013 \u00abMientras Respires\u00bb<\/strong><\/p>\n\n\n\n<p class=\"has-text-align-center\">(Mi\u00e9rcoles)<\/p>\n\n\n\n<p class=\"has-text-align-center\">Natali Alzamendi, terapeuta, lidera un espacio de &#8216;consultorio abierto&#8217;.<\/p>\n\n\n\n<p class=\"has-text-align-center has-pale-pink-background-color has-background\"><strong>10.30 a 11.30 horas \u2013 \u00abMamor\u00e9\u00bb<\/strong><\/p>\n\n\n\n<p class=\"has-text-align-center\">(S\u00e1bados)<\/p>\n\n\n\n<p class=\"has-text-align-center\">Una hora de m\u00fasica y encuentro con nuestras tradiciones a cargo de &#8216;Mamor\u00e9&#8217;.<\/p>\n\n\n\n<p class=\"has-text-align-center has-vivid-cyan-blue-background-color has-background\"><strong>11.30 a 12 horas \u2013 \u00abAlas de \u00c1guila\u00bb<\/strong><\/p>\n\n\n\n<p class=\"has-text-align-center\">(S\u00e1bados)<\/p>\n\n\n\n<p class=\"has-text-align-center\">Comunicaci\u00f3n de la Iglesia Evang\u00e9lica con sus fieles mediante m\u00fasica y mensajes.<\/p>\n\n\n\n<p class=\"has-text-align-center has-vivid-green-cyan-background-color has-background\"><strong>13 a 15 horas \u2013 \u00abLa Magia de Los Iracundos\u00bb<\/strong><\/p>\n\n\n\n<p class=\"has-text-align-center\">(S\u00e1bados y domingos &#8211; Estreno)<\/p>\n\n\n\n<p class=\"has-text-align-center\">Mario Moreira conduce un ciclo que explora la extensa discograf\u00eda de la banda m\u00e1s importante de la historia musical uruguaya.<\/p>\n\n\n\n<p class=\"has-text-align-center has-cyan-bluish-gray-background-color has-background\"><strong>7 a 8 horas \u2013 \u00abRa\u00edces Sarandienses\u00bb<\/strong><\/p>\n\n\n\n<p class=\"has-text-align-center\">(Domingos)<\/p>\n\n\n\n<p class=\"has-text-align-center\">La aparcer\u00eda local establece un di\u00e1logo con la ciudad, compartiendo sobre sus actividades y eventos.<\/p>\n\n\n\n<p class=\"has-text-align-center has-pale-pink-background-color has-background\"><strong>10 a 11 horas \u2013 \u00abFog\u00f3n Dominguero\u00bb<\/strong><\/p>\n\n\n\n<p class=\"has-text-align-center\">(Domingos)<\/p>\n\n\n\n<p class=\"has-text-align-center\">Cono Rivero lidera un espacio donde el canto repentista es protagonista.<\/p>\n\n\n\n<p class=\"has-text-align-center has-light-green-cyan-background-color has-background\"><strong>11 a 12 horas \u2013 \u00abLa Hora del Humor\u00bb<\/strong><\/p>\n\n\n\n<p class=\"has-text-align-center\">(Domingos)<\/p>\n\n\n\n<p class=\"has-text-align-center\">Oscar Vaz y su equipo presentan m\u00fasica y risas como una forma amena de iniciar el mediod\u00eda.<\/p>\n\n\n\n<p class=\"has-text-align-center has-vivid-purple-background-color has-background\"><strong>12 a 12.30 horas \u2013 \u00abUn Camino de Fe\u00bb<\/strong><\/p>\n\n\n\n<p class=\"has-text-align-center\">(Domingos)<\/p>\n\n\n\n<p class=\"has-text-align-center\">El Pastor Tejeira dialoga sobre los caminos cristianos.<\/p>\n","protected":false},"excerpt":{"rendered":"<p>7 a 9 horas \u2013 \u00abSentir el Folklore\u00bb (Lunes a s\u00e1bados) Propuesta folkl\u00f3rica conducida por Cono Rivero. 9 a 12 horas \u2013 \u00abMa\u00f1anas Informales\u00bb (Lunes a viernes) Magazine matutino conducido por Ver\u00f3nica Cabalgante. 12 a 13 horas \u2013 \u00abSiglo XXI\u00bb (Lunes a viernes) Noticiero central presentado por Dino Cappelli. 15 a 17 horas \u2013 \u00abMalas [&hellip;]<\/p>\n","protected":false},"author":2,"featured_media":0,"parent":0,"menu_order":0,"comment_status":"closed","ping_status":"closed","template":"","meta":{"footnotes":""},"class_list":["post-80","page","type-page","status-publish","hentry"],"_links":{"self":[{"href":"https:\/\/sarandidigital.com\/uy\/wp-json\/wp\/v2\/pages\/80","targetHints":{"allow":["GET"]}}],"collection":[{"href":"https:\/\/sarandidigital.com\/uy\/wp-json\/wp\/v2\/pages"}],"about":[{"href":"https:\/\/sarandidigital.com\/uy\/wp-json\/wp\/v2\/types\/page"}],"author":[{"embeddable":true,"href":"https:\/\/sarandidigital.com\/uy\/wp-json\/wp\/v2\/users\/2"}],"replies":[{"embeddable":true,"href":"https:\/\/sarandidigital.com\/uy\/wp-json\/wp\/v2\/comments?post=80"}],"version-history":[{"count":4,"href":"https:\/\/sarandidigital.com\/uy\/wp-json\/wp\/v2\/pages\/80\/revisions"}],"predecessor-version":[{"id":92,"href":"https:\/\/sarandidigital.com\/uy\/wp-json\/wp\/v2\/pages\/80\/revisions\/92"}],"wp:attachment":[{"href":"https:\/\/sarandidigital.com\/uy\/wp-json\/wp\/v2\/media?parent=80"}],"curies":[{"name":"wp","href":"https:\/\/api.w.org\/{rel}","templated":true}]}}